{"id":737,"date":"2017-01-02T08:36:21","date_gmt":"2017-01-02T08:36:21","guid":{"rendered":"https:\/\/demo.themegrill.com\/flash-default-2\/?page_id=17"},"modified":"2023-08-22T16:45:21","modified_gmt":"2023-08-22T14:45:21","slug":"about","status":"publish","type":"page","link":"https:\/\/samsameditions.com\/index.php\/about\/","title":{"rendered":"About"},"content":{"rendered":"\n<h5 class=\"wp-block-heading has-vivid-cyan-blue-color has-text-color\"><strong>Sam &amp; Sam \u00c9ditions<\/strong><\/h5>\n\n\n\n<div style=\"height:8px\" aria-hidden=\"true\" class=\"wp-block-spacer\"><\/div>\n\n\n\n<p>Nous sommes une maison d&#8217;\u00e9dition offrant une gamme de services pour les auteurs, visant \u00e0 les aider \u00e0 atteindre un public plus large et \u00e0 concr\u00e9tiser leurs r\u00eaves litt\u00e9raires. Voici un aper\u00e7u de ce que nous proposons :<\/p>\n\n\n\n<div style=\"height:10px\" aria-hidden=\"true\" class=\"wp-block-spacer\"><\/div>\n\n\n\n<p><strong>Traduction :<\/strong> Nos services de traduction permettent aux auteurs de transcender les fronti\u00e8res linguistiques et d&#8217;atteindre un public international.<\/p>\n\n\n\n<p><strong>\u00c9dition Num\u00e9rique :<\/strong> Nous offrons des versions num\u00e9riques de livres pour les lecteurs qui pr\u00e9f\u00e8rent les e-books ou les liseuses, garantissant ainsi une accessibilit\u00e9 maximale \u00e0 votre \u0153uvre.<\/p>\n\n\n\n<p><strong>\u00c9dition \u00e0 Compte d&#8217;Auteur :<\/strong> Pour les auteurs souhaitant maintenir leur ind\u00e9pendance tout en b\u00e9n\u00e9ficiant de l&#8217;expertise de notre maison d&#8217;\u00e9dition, nous proposons des services d&#8217;\u00e9dition \u00e0 compte d&#8217;auteur.<\/p>\n\n\n\n<p><strong>Promotion et Marketing :<\/strong> Gr\u00e2ce \u00e0 des strat\u00e9gies en ligne et hors ligne telles que les campagnes publicitaires, les \u00e9v\u00e9nements de lancement et les partenariats avec des librairies, nous vous aidons \u00e0 faire conna\u00eetre vos livres.<\/p>\n\n\n\n<p><strong>\u00c9v\u00e9nements Litt\u00e9raires :<\/strong> Pour favoriser l&#8217;interaction entre les auteurs et les lecteurs, nous organisons des concours, des rencontres, des d\u00e9dicaces et des ateliers d&#8217;\u00e9criture.<\/p>\n\n\n\n<p><strong>Publication de Livres :<\/strong> Nous vous assistons \u00e0 chaque \u00e9tape de la publication, de la mise en page \u00e0 la correction en passant par la conception de couverture, pour produire des livres de la plus haute qualit\u00e9.<\/p>\n\n\n\n<div style=\"height:8px\" aria-hidden=\"true\" class=\"wp-block-spacer\"><\/div>\n\n\n\n<p>Chez Sam &amp; Sam \u00c9ditions, nous croyons au pouvoir des mots pour inspirer, \u00e9duquer et divertir. Rejoignez notre communaut\u00e9 d&#8217;auteurs passionn\u00e9s et de lecteurs avides de d\u00e9couvertes.<\/p>\n\n\n\n<div style=\"height:9px\" aria-hidden=\"true\" class=\"wp-block-spacer\"><\/div>\n\n\n\n<p class=\"has-vivid-cyan-blue-color has-text-color\">Contactez-nous par mail en envoyant votre pr\u00e9occupation sur <strong>samsameditions@gmail.com<\/strong><\/p>\n","protected":false},"excerpt":{"rendered":"<p>Sam &amp; Sam \u00c9ditions Nous sommes une maison d&#8217;\u00e9dition offrant une gamme de services pour les auteurs, visant \u00e0 les [&hellip;]<\/p>\n","protected":false},"author":1,"featured_media":909,"parent":0,"menu_order":0,"comment_status":"closed","ping_status":"closed","template":"","meta":{"om_disable_all_campaigns":false,"_monsterinsights_skip_tracking":false,"_monsterinsights_sitenote_active":false,"_monsterinsights_sitenote_note":"","_monsterinsights_sitenote_category":0,"footnotes":""},"class_list":["post-737","page","type-page","status-publish","has-post-thumbnail","hentry"],"aioseo_notices":[],"_links":{"self":[{"href":"https:\/\/samsameditions.com\/index.php\/wp-json\/wp\/v2\/pages\/737","targetHints":{"allow":["GET"]}}],"collection":[{"href":"https:\/\/samsameditions.com\/index.php\/wp-json\/wp\/v2\/pages"}],"about":[{"href":"https:\/\/samsameditions.com\/index.php\/wp-json\/wp\/v2\/types\/page"}],"author":[{"embeddable":true,"href":"https:\/\/samsameditions.com\/index.php\/wp-json\/wp\/v2\/users\/1"}],"replies":[{"embeddable":true,"href":"https:\/\/samsameditions.com\/index.php\/wp-json\/wp\/v2\/comments?post=737"}],"version-history":[{"count":4,"href":"https:\/\/samsameditions.com\/index.php\/wp-json\/wp\/v2\/pages\/737\/revisions"}],"predecessor-version":[{"id":914,"href":"https:\/\/samsameditions.com\/index.php\/wp-json\/wp\/v2\/pages\/737\/revisions\/914"}],"wp:featuredmedia":[{"embeddable":true,"href":"https:\/\/samsameditions.com\/index.php\/wp-json\/wp\/v2\/media\/909"}],"wp:attachment":[{"href":"https:\/\/samsameditions.com\/index.php\/wp-json\/wp\/v2\/media?parent=737"}],"curies":[{"name":"wp","href":"https:\/\/api.w.org\/{rel}","templated":true}]}}